{"id":2,"date":"2011-01-01T13:33:28","date_gmt":"2011-01-01T13:33:28","guid":{"rendered":"http:\/\/blogg.traskman.se\/?page_id=2"},"modified":"2012-01-04T18:41:34","modified_gmt":"2012-01-04T18:41:34","slug":"about","status":"publish","type":"page","link":"https:\/\/www.traskman.se\/?page_id=2","title":{"rendered":"Om"},"content":{"rendered":"<p>H\u00e4r borde det kanske finnas lite info om mig, men surfa in till min Google+ profil s\u00e5 kommer du f\u00e5 kl\u00e4m p\u00e5 mig, jag lovar.<\/p>\n<p><a title=\"Ralf p\u00e5 google+\" href=\"https:\/\/plus.google.com\/111226114213667364712\/about\" target=\"_blank\">Ralf p\u00e5 Google+<\/a><\/p>\n","protected":false},"excerpt":{"rendered":"<p>H\u00e4r borde det kanske finnas lite info om mig, men surfa in till min Google+ profil s\u00e5 kommer du f\u00e5 kl\u00e4m p\u00e5 mig, jag lovar. Ralf p\u00e5 Google+<\/p>\n","protected":false},"author":1,"featured_media":0,"parent":0,"menu_order":0,"comment_status":"open","ping_status":"open","template":"","meta":{"_mi_skip_tracking":false,"_exactmetrics_sitenote_active":false,"_exactmetrics_sitenote_note":"","_exactmetrics_sitenote_category":0,"jetpack_post_was_ever_published":false},"jetpack_sharing_enabled":true,"jetpack_shortlink":"https:\/\/wp.me\/P8RqvB-2","jetpack-related-posts":[],"_links":{"self":[{"href":"https:\/\/www.traskman.se\/index.php?rest_route=\/wp\/v2\/pages\/2"}],"collection":[{"href":"https:\/\/www.traskman.se\/index.php?rest_route=\/wp\/v2\/pages"}],"about":[{"href":"https:\/\/www.traskman.se\/index.php?rest_route=\/wp\/v2\/types\/page"}],"author":[{"embeddable":true,"href":"https:\/\/www.traskman.se\/index.php?rest_route=\/wp\/v2\/users\/1"}],"replies":[{"embeddable":true,"href":"https:\/\/www.traskman.se\/index.php?rest_route=%2Fwp%2Fv2%2Fcomments&post=2"}],"version-history":[{"count":3,"href":"https:\/\/www.traskman.se\/index.php?rest_route=\/wp\/v2\/pages\/2\/revisions"}],"predecessor-version":[{"id":116,"href":"https:\/\/www.traskman.se\/index.php?rest_route=\/wp\/v2\/pages\/2\/revisions\/116"}],"wp:attachment":[{"href":"https:\/\/www.traskman.se\/index.php?rest_route=%2Fwp%2Fv2%2Fmedia&parent=2"}],"curies":[{"name":"wp","href":"https:\/\/api.w.org\/{rel}","templated":true}]}}